{"id":7,"date":"2016-02-28T23:02:01","date_gmt":"2016-02-28T22:02:01","guid":{"rendered":"http:\/\/buonpastoreroma.it\/?page_id=7"},"modified":"2025-10-14T10:55:33","modified_gmt":"2025-10-14T08:55:33","slug":"chi-siamo","status":"publish","type":"page","link":"https:\/\/roma.buon-pastore.it\/index.php\/chi-siamo\/","title":{"rendered":"Chi Siamo"},"content":{"rendered":"<p>[vc_row][vc_column][vc_single_image image=&#8221;2826&#8243; img_size=&#8221;medium&#8221; alignment=&#8221;center&#8221; css_animation=&#8221;fadeIn&#8221;][vc_text_separator title=&#8221;DON GIORGIO LENZI&#8221; color=&#8221;peacoc&#8221; border_width=&#8221;2&#8243; css_animation=&#8221;fadeIn&#8221;][vc_column_text]<\/p>\n<h2><strong><span style=\"color: #993300;\">Don Giorgio Lenzi<\/span>,<\/strong><br \/>\n<strong>Superiore della casa,<\/strong><br \/>\n<strong>Procuratore Generale.<\/strong><\/h2>\n<p>Nato in Sardegna il 5 Febbraio del 1984 e ordinato a Bordeaux il 29 Giugno 2012. \u00c9 stato cerimoniere del seminario di Courtalain; la liturgia resta tutt\u2019oggi la sua passione principale. Ancora seminarista, ha insegnato per 4 anni i rudimenti della lingua latina ai seminaristi dell\u2019anno di propedeutica dell\u2019Istituto. Dopo l\u2019ordinazione don Lenzi \u00e9 stato vice-parroco per tre anni nella parrocchia personale Saint-Eloi in Bordeaux occupandosi di numerose attivit\u00e0 pastorali quali il gruppo d\u2019univeristari, il catechismo, gli scouts e pellegrinaggi parrocchiali. Superiore locale coordina la vita della comunit\u00e0 a Roma e le sue differenti attivit\u00e0 dell&#8217;Istituto in Italia. Ha lavorato per tre anni in maniera stabile nella segreteria ed archivio dell\u2019Eminentissimo e compianto Cardinale Dario Castrillon Hoyos che ha accompagnato fino agli ultimi istanti della Sua vita terrena. Don Lenzi collabora con diverse case di formazione dispensando corsi di storia della liturgia e di liturgia pratica. Attualmente a discrezione dei Superiori svolge la funzione di Procuratore Generale curando le relazioni a nome dei Superiori con la Santa Sede.[\/vc_column_text][\/vc_column][\/vc_row][vc_row][vc_column][vc_separator color=&#8221;peacoc&#8221;][vc_single_image image=&#8221;2807&#8243; img_size=&#8221;medium&#8221; alignment=&#8221;center&#8221; css_animation=&#8221;fadeIn&#8221;][vc_text_separator title=&#8221;DON MATTHIEU RAFFRAY&#8221; color=&#8221;peacoc&#8221;][vc_column_text]<\/p>\n<h2><strong><span style=\"color: #993300;\">Don Matthieu Raffray<\/span>,<br \/>\n<\/strong>Professore di Filosofia,<br \/>\nPontificia Universit\u00e0 San Tommaso d\u2019Aquino (Angelicum)<\/h2>\n<p><strong>\u00a0<\/strong><\/p>\n<p>Francese, di origine messicana, \u00e9 nato a Rouen il 16 Aprile del 1979. Ordinato il 4 Luglio 2009 a Sainte-Anne-d\u2019Auray. Dopo un Master in Scienze Matematiche sulla Teoria degli insiemi e la logica costruttiva, ha conseguito la licenza canonica di teologia presso l\u2019Istituto Cattolico di Tolosa e un dottorato in filosofia alla Sorbona di Parigi.<\/p>\n<p>A Roma insegna filosofia in qualit\u00e0 di professore incaricato presso la Pontificia Universit\u00e0 San Tommaso d\u2019Aquino (l\u2019Angelicum). Don Raffray tiene regolarmente dei corsi di teologia al seminario di Courtalain e di filosofia alla facolt\u00e0 di Tolosa. Attualmente ricopre anche le cariche di membro del Consiglio Generale dell\u2019Istituto e Amministratore del distretto di Europa. Le sue attivit\u00e0 si concentrano soprattutto all&#8217;estero dove ha raggiunto un&#8217;importante notoriet\u00e0 sui Social Media francofoni.[\/vc_column_text][\/vc_column][\/vc_row][vc_row][vc_column][vc_separator color=&#8221;peacoc&#8221;][vc_single_image image=&#8221;2801&#8243; img_size=&#8221;medium&#8221; alignment=&#8221;center&#8221; css_animation=&#8221;fadeIn&#8221;][\/vc_column][\/vc_row][vc_row][vc_column][vc_text_separator title=&#8221;DON ALEXANDRE SAPHY&#8221; color=&#8221;peacoc&#8221;][vc_column_text]Sacerdote francese del nostro Istituto, nato a Bordeaux il 17 Dicembre 1996. Ha frequentato in quanto fedele la nostra parrocchia personale di Bordeaux conoscendo cosi l\u2019Istituto del Buon Pastore. Don Saphy \u00e8 entrato nel seminario dell&#8217; Istituto nel 2016, dopo aver frequentato la facolt\u00e0 di diritto. Compiuti gli studi di filosofia e teologia in seminario \u2013 avendo fatto anche un anno di stage a Parigi \u2013 \u00e8 stato ordinato sacerdote il 24 giugno 2023 dall&#8217;Eminentissimo Cardinal M\u00fcller e immediatamente destinato alla sede di Roma, che \u00e8 dunque il suo primo incarico, dove collabora con la Procura Generale e partecipa allo sviluppo delle nostre attivit\u00e0 in Italia.[\/vc_column_text][\/vc_column][\/vc_row][vc_row][vc_column][vc_separator color=&#8221;peacoc&#8221;][\/vc_column][\/vc_row]<\/p>\n","protected":false},"excerpt":{"rendered":"<p>[vc_row][vc_column][vc_single_image image=&#8221;2826&#8243; img_size=&#8221;medium&#8221; alignment=&#8221;center&#8221; css_animation=&#8221;fadeIn&#8221;][vc_text_separator title=&#8221;DON GIORGIO LENZI&#8221; color=&#8221;peacoc&#8221; border_width=&#8221;2&#8243; css_animation=&#8221;fadeIn&#8221;][vc_column_text] Don Giorgio Lenzi, Superiore della casa, Procuratore Generale. Nato in Sardegna il 5 Febbraio del 1984 e ordinato a Bordeaux il 29 Giugno 2012. \u00c9 stato cerimoniere del seminario di Courtalain; la liturgia resta tutt\u2019oggi la sua passione principale. Ancora seminarista, ha insegnato per &hellip; <a href=\"https:\/\/roma.buon-pastore.it\/index.php\/chi-siamo\/\" class=\"more-link\">Continue reading <span class=\"screen-reader-text\">Chi Siamo<\/span><\/a><\/p>\n","protected":false},"author":1,"featured_media":24,"parent":0,"menu_order":0,"comment_status":"closed","ping_status":"closed","template":"","meta":{"footnotes":""},"class_list":["post-7","page","type-page","status-publish","has-post-thumbnail","hentry"],"_links":{"self":[{"href":"https:\/\/roma.buon-pastore.it\/index.php\/wp-json\/wp\/v2\/pages\/7","targetHints":{"allow":["GET"]}}],"collection":[{"href":"https:\/\/roma.buon-pastore.it\/index.php\/wp-json\/wp\/v2\/pages"}],"about":[{"href":"https:\/\/roma.buon-pastore.it\/index.php\/wp-json\/wp\/v2\/types\/page"}],"author":[{"embeddable":true,"href":"https:\/\/roma.buon-pastore.it\/index.php\/wp-json\/wp\/v2\/users\/1"}],"replies":[{"embeddable":true,"href":"https:\/\/roma.buon-pastore.it\/index.php\/wp-json\/wp\/v2\/comments?post=7"}],"version-history":[{"count":34,"href":"https:\/\/roma.buon-pastore.it\/index.php\/wp-json\/wp\/v2\/pages\/7\/revisions"}],"predecessor-version":[{"id":2924,"href":"https:\/\/roma.buon-pastore.it\/index.php\/wp-json\/wp\/v2\/pages\/7\/revisions\/2924"}],"wp:featuredmedia":[{"embeddable":true,"href":"https:\/\/roma.buon-pastore.it\/index.php\/wp-json\/"}],"wp:attachment":[{"href":"https:\/\/roma.buon-pastore.it\/index.php\/wp-json\/wp\/v2\/media?parent=7"}],"curies":[{"name":"wp","href":"https:\/\/api.w.org\/{rel}","templated":true}]}}